{"id":42,"date":"2026-03-01T09:20:05","date_gmt":"2026-03-01T09:20:05","guid":{"rendered":"https:\/\/linen-trout-345162.hostingersite.com\/?post_type=product&#038;p=42"},"modified":"2026-04-27T01:40:37","modified_gmt":"2026-04-27T01:40:37","slug":"wolverine","status":"publish","type":"product","link":"https:\/\/optima-labs.net\/en\/product\/wolverine\/","title":{"rendered":"Wolverine"},"content":{"rendered":"<p>Blend de recherche orient\u00e9 \u201crecovery\u201d, destin\u00e9 \u00e0 l\u2019\u00e9tude de marqueurs de r\u00e9paration et de r\u00e9silience tissulaire in vitro.<\/p>\n<p>&nbsp;<\/p>","protected":false},"excerpt":{"rendered":"<p>Blend de recherche orient\u00e9 \u201crecovery\u201d, destin\u00e9 \u00e0 l\u2019\u00e9tude de marqueurs de r\u00e9paration et de r\u00e9silience tissulaire in vitro.<\/p>","protected":false},"featured_media":108,"template":"","meta":[],"product_brand":[],"product_cat":[19],"product_tag":[],"class_list":{"0":"post-42","1":"product","2":"type-product","3":"status-publish","4":"has-post-thumbnail","6":"product_cat-recherche-tissulaire","8":"first","9":"instock","10":"shipping-taxable","11":"purchasable","12":"product-type-variable","13":"has-default-attributes"},"_links":{"self":[{"href":"https:\/\/optima-labs.net\/en\/wp-json\/wp\/v2\/product\/42","targetHints":{"allow":["GET"]}}],"collection":[{"href":"https:\/\/optima-labs.net\/en\/wp-json\/wp\/v2\/product"}],"about":[{"href":"https:\/\/optima-labs.net\/en\/wp-json\/wp\/v2\/types\/product"}],"wp:featuredmedia":[{"embeddable":true,"href":"https:\/\/optima-labs.net\/en\/wp-json\/wp\/v2\/media\/108"}],"wp:attachment":[{"href":"https:\/\/optima-labs.net\/en\/wp-json\/wp\/v2\/media?parent=42"}],"wp:term":[{"taxonomy":"product_brand","embeddable":true,"href":"https:\/\/optima-labs.net\/en\/wp-json\/wp\/v2\/product_brand?post=42"},{"taxonomy":"product_cat","embeddable":true,"href":"https:\/\/optima-labs.net\/en\/wp-json\/wp\/v2\/product_cat?post=42"},{"taxonomy":"product_tag","embeddable":true,"href":"https:\/\/optima-labs.net\/en\/wp-json\/wp\/v2\/product_tag?post=42"}],"curies":[{"name":"wp","href":"https:\/\/api.w.org\/{rel}","templated":true}]}}