{"id":40,"date":"2026-03-01T09:20:05","date_gmt":"2026-03-01T09:20:05","guid":{"rendered":"https:\/\/linen-trout-345162.hostingersite.com\/?post_type=product&#038;p=40"},"modified":"2026-04-26T17:17:12","modified_gmt":"2026-04-26T17:17:12","slug":"bpc-157","status":"publish","type":"product","link":"https:\/\/optima-labs.net\/en\/product\/bpc-157\/","title":{"rendered":"BPC-157"},"content":{"rendered":"<p>Research peptide used to explore certain neuroendocrine pathways and<br \/>\nla signalisation associ\u00e9e en mod\u00e8les exp\u00e9rimentaux.<\/p>\n<p>&nbsp;<\/p>","protected":false},"excerpt":{"rendered":"<p>Research peptide used to explore certain neuroendocrine pathways and<br \/>\nla signalisation associ\u00e9e en mod\u00e8les exp\u00e9rimentaux.<\/p>","protected":false},"featured_media":101,"template":"","meta":[],"product_brand":[],"product_cat":[19],"product_tag":[25],"class_list":{"0":"post-40","1":"product","2":"type-product","3":"status-publish","4":"has-post-thumbnail","6":"product_cat-recherche-tissulaire","7":"product_tag-bpc","9":"first","10":"instock","11":"shipping-taxable","12":"purchasable","13":"product-type-variable","14":"has-default-attributes"},"_links":{"self":[{"href":"https:\/\/optima-labs.net\/en\/wp-json\/wp\/v2\/product\/40","targetHints":{"allow":["GET"]}}],"collection":[{"href":"https:\/\/optima-labs.net\/en\/wp-json\/wp\/v2\/product"}],"about":[{"href":"https:\/\/optima-labs.net\/en\/wp-json\/wp\/v2\/types\/product"}],"wp:featuredmedia":[{"embeddable":true,"href":"https:\/\/optima-labs.net\/en\/wp-json\/wp\/v2\/media\/101"}],"wp:attachment":[{"href":"https:\/\/optima-labs.net\/en\/wp-json\/wp\/v2\/media?parent=40"}],"wp:term":[{"taxonomy":"product_brand","embeddable":true,"href":"https:\/\/optima-labs.net\/en\/wp-json\/wp\/v2\/product_brand?post=40"},{"taxonomy":"product_cat","embeddable":true,"href":"https:\/\/optima-labs.net\/en\/wp-json\/wp\/v2\/product_cat?post=40"},{"taxonomy":"product_tag","embeddable":true,"href":"https:\/\/optima-labs.net\/en\/wp-json\/wp\/v2\/product_tag?post=40"}],"curies":[{"name":"wp","href":"https:\/\/api.w.org\/{rel}","templated":true}]}}