{"id":35,"date":"2026-03-01T09:20:05","date_gmt":"2026-03-01T09:20:05","guid":{"rendered":"https:\/\/linen-trout-345162.hostingersite.com\/?post_type=product&#038;p=35"},"modified":"2026-04-27T01:40:37","modified_gmt":"2026-04-27T01:40:37","slug":"cjc-1295-with-dac","status":"publish","type":"product","link":"https:\/\/optima-labs.net\/en\/product\/cjc-1295-with-dac\/","title":{"rendered":"CJC-1295 (with DAC)"},"content":{"rendered":"<p>Variante de recherche associ\u00e9e \u00e0 une liaison prolong\u00e9e, utilis\u00e9e pour \u00e9tudier la cin\u00e9tique de signalisation de l\u2019axe GH in vitro.<\/p>\n<p>&nbsp;<\/p>","protected":false},"excerpt":{"rendered":"<p>Variante de recherche associ\u00e9e \u00e0 une liaison prolong\u00e9e, utilis\u00e9e pour \u00e9tudier la cin\u00e9tique de signalisation de l\u2019axe GH in vitro.<\/p>","protected":false},"featured_media":87,"template":"","meta":[],"product_brand":[],"product_cat":[20,18,19],"product_tag":[],"class_list":{"0":"post-35","1":"product","2":"type-product","3":"status-publish","4":"has-post-thumbnail","6":"product_cat-longevite-recherche","7":"product_cat-myo-science","8":"product_cat-recherche-tissulaire","10":"first","11":"instock","12":"shipping-taxable","13":"purchasable","14":"product-type-variable","15":"has-default-attributes"},"_links":{"self":[{"href":"https:\/\/optima-labs.net\/en\/wp-json\/wp\/v2\/product\/35","targetHints":{"allow":["GET"]}}],"collection":[{"href":"https:\/\/optima-labs.net\/en\/wp-json\/wp\/v2\/product"}],"about":[{"href":"https:\/\/optima-labs.net\/en\/wp-json\/wp\/v2\/types\/product"}],"wp:featuredmedia":[{"embeddable":true,"href":"https:\/\/optima-labs.net\/en\/wp-json\/wp\/v2\/media\/87"}],"wp:attachment":[{"href":"https:\/\/optima-labs.net\/en\/wp-json\/wp\/v2\/media?parent=35"}],"wp:term":[{"taxonomy":"product_brand","embeddable":true,"href":"https:\/\/optima-labs.net\/en\/wp-json\/wp\/v2\/product_brand?post=35"},{"taxonomy":"product_cat","embeddable":true,"href":"https:\/\/optima-labs.net\/en\/wp-json\/wp\/v2\/product_cat?post=35"},{"taxonomy":"product_tag","embeddable":true,"href":"https:\/\/optima-labs.net\/en\/wp-json\/wp\/v2\/product_tag?post=35"}],"curies":[{"name":"wp","href":"https:\/\/api.w.org\/{rel}","templated":true}]}}