{"id":28,"date":"2026-03-01T09:20:04","date_gmt":"2026-03-01T09:20:04","guid":{"rendered":"https:\/\/linen-trout-345162.hostingersite.com\/?post_type=product&#038;p=28"},"modified":"2026-04-27T01:40:38","modified_gmt":"2026-04-27T01:40:38","slug":"klow","status":"publish","type":"product","link":"https:\/\/optima-labs.net\/en\/product\/klow\/","title":{"rendered":"KLOW"},"content":{"rendered":"<p>Formulation de recherche destin\u00e9e \u00e0 explorer des marqueurs li\u00e9s \u00e0 la biologie cutan\u00e9e et \u00e0 la qualit\u00e9 tissulaire in vitro.<\/p>","protected":false},"excerpt":{"rendered":"<p>Formulation de recherche destin\u00e9e \u00e0 explorer des marqueurs li\u00e9s \u00e0 la biologie cutan\u00e9e et \u00e0 la qualit\u00e9 tissulaire in vitro.<\/p>","protected":false},"featured_media":70,"template":"","meta":[],"product_brand":[],"product_cat":[21],"product_tag":[],"class_list":{"0":"post-28","1":"product","2":"type-product","3":"status-publish","4":"has-post-thumbnail","6":"product_cat-skin-science","8":"first","9":"instock","10":"shipping-taxable","11":"purchasable","12":"product-type-variable"},"_links":{"self":[{"href":"https:\/\/optima-labs.net\/en\/wp-json\/wp\/v2\/product\/28","targetHints":{"allow":["GET"]}}],"collection":[{"href":"https:\/\/optima-labs.net\/en\/wp-json\/wp\/v2\/product"}],"about":[{"href":"https:\/\/optima-labs.net\/en\/wp-json\/wp\/v2\/types\/product"}],"wp:featuredmedia":[{"embeddable":true,"href":"https:\/\/optima-labs.net\/en\/wp-json\/wp\/v2\/media\/70"}],"wp:attachment":[{"href":"https:\/\/optima-labs.net\/en\/wp-json\/wp\/v2\/media?parent=28"}],"wp:term":[{"taxonomy":"product_brand","embeddable":true,"href":"https:\/\/optima-labs.net\/en\/wp-json\/wp\/v2\/product_brand?post=28"},{"taxonomy":"product_cat","embeddable":true,"href":"https:\/\/optima-labs.net\/en\/wp-json\/wp\/v2\/product_cat?post=28"},{"taxonomy":"product_tag","embeddable":true,"href":"https:\/\/optima-labs.net\/en\/wp-json\/wp\/v2\/product_tag?post=28"}],"curies":[{"name":"wp","href":"https:\/\/api.w.org\/{rel}","templated":true}]}}