{"id":467,"date":"2026-03-01T14:20:43","date_gmt":"2026-03-01T14:20:43","guid":{"rendered":"https:\/\/linen-trout-345162.hostingersite.com\/?page_id=467"},"modified":"2026-04-27T03:05:16","modified_gmt":"2026-04-27T03:05:16","slug":"a-propos-de-nous","status":"publish","type":"page","link":"https:\/\/optima-labs.net\/en\/a-propos-de-nous\/","title":{"rendered":"About us"},"content":{"rendered":"<div data-elementor-type=\"wp-page\" data-elementor-id=\"467\" class=\"elementor elementor-467\" data-elementor-post-type=\"page\">\n\t\t\t\t<div class=\"elementor-element elementor-element-8b329b9 e-con-full e-flex e-con e-parent\" data-id=\"8b329b9\" data-element_type=\"container\" data-e-type=\"container\" data-settings=\"{&quot;background_background&quot;:&quot;classic&quot;,&quot;shape_divider_bottom&quot;:&quot;triangle&quot;,&quot;shape_divider_bottom_negative&quot;:&quot;yes&quot;}\">\n\t\t\t\t<div class=\"elementor-shape elementor-shape-bottom\" aria-hidden=\"true\" data-negative=\"true\">\n\t\t\t<svg xmlns=\"http:\/\/www.w3.org\/2000\/svg\" viewbox=\"0 0 1000 100\" preserveaspectratio=\"none\">\n\t<path class=\"elementor-shape-fill\" d=\"M500.2,94.7L0,0v100h1000V0L500.2,94.7z\"\/>\n<\/svg>\t\t<\/div>\n\t\t<div class=\"elementor-element elementor-element-1bf9bfe e-con-full e-flex e-con e-child\" data-id=\"1bf9bfe\" data-element_type=\"container\" data-e-type=\"container\">\n\t\t<div class=\"elementor-element elementor-element-b3a2a64 e-con-full e-flex e-con e-child\" data-id=\"b3a2a64\" data-element_type=\"container\" data-e-type=\"container\">\n\t\t<div class=\"elementor-element elementor-element-529c9d9 e-con-full e-flex e-con e-child\" data-id=\"529c9d9\" data-element_type=\"container\" data-e-type=\"container\">\n\t\t\t\t<div class=\"elementor-element elementor-element-b80ad4d elementor-widget elementor-widget-heading\" data-id=\"b80ad4d\" data-element_type=\"widget\" data-e-type=\"widget\" data-widget_type=\"heading.default\">\n\t\t\t\t\t<h2 class=\"elementor-heading-title elementor-size-default\">ABOUT US<\/h2>\t\t\t\t<\/div>\n\t\t\t\t<div class=\"elementor-element elementor-element-ea1794f elementor-widget elementor-widget-heading\" data-id=\"ea1794f\" data-element_type=\"widget\" data-e-type=\"widget\" data-widget_type=\"heading.default\">\n\t\t\t\t\t<h2 class=\"elementor-heading-title elementor-size-default\">Optima Labs<\/h2>\t\t\t\t<\/div>\n\t\t\t\t<div class=\"elementor-element elementor-element-d0b532b color-scheme-inherit text-left elementor-widget elementor-widget-text-editor\" data-id=\"d0b532b\" data-element_type=\"widget\" data-e-type=\"widget\" data-widget_type=\"text-editor.default\">\n\t\t\t\t\t\t\t\t\t<p><span style=\"font-weight: 400;\">Optima Labs is an independent supplier specializing in peptides and compounds intended exclusively for scientific research and laboratory development.\u00a0<\/span><\/p><p><span style=\"font-weight: 400;\">Our positioning is based on a methodical selection of products suited to demanding experimental environments, with a constant focus on consistency, purity, and quality.<\/span><\/p>\t\t\t\t\t\t\t\t<\/div>\n\t\t\t\t<\/div>\n\t\t<div class=\"elementor-element elementor-element-8974457 e-con-full e-flex e-con e-child\" data-id=\"8974457\" data-element_type=\"container\" data-e-type=\"container\">\n\t\t\t\t<div class=\"elementor-element elementor-element-9753c0d elementor-widget elementor-widget-image\" data-id=\"9753c0d\" data-element_type=\"widget\" data-e-type=\"widget\" data-widget_type=\"image.default\">\n\t\t\t\t\t\t\t\t\t\t\t\t\t\t\t<img fetchpriority=\"high\" decoding=\"async\" width=\"1024\" height=\"683\" src=\"https:\/\/optima-labs.net\/wp-content\/uploads\/2026\/03\/About-us-1-1-1024x683.png\" class=\"attachment-large size-large wp-image-469\" alt=\"\" srcset=\"https:\/\/optima-labs.net\/wp-content\/uploads\/2026\/03\/About-us-1-1-1024x683.png 1024w, https:\/\/optima-labs.net\/wp-content\/uploads\/2026\/03\/About-us-1-1-150x100.png 150w, https:\/\/optima-labs.net\/wp-content\/uploads\/2026\/03\/About-us-1-1-600x400.png 600w, https:\/\/optima-labs.net\/wp-content\/uploads\/2026\/03\/About-us-1-1-64x43.png 64w, https:\/\/optima-labs.net\/wp-content\/uploads\/2026\/03\/About-us-1-1-300x200.png 300w, https:\/\/optima-labs.net\/wp-content\/uploads\/2026\/03\/About-us-1-1-768x512.png 768w, https:\/\/optima-labs.net\/wp-content\/uploads\/2026\/03\/About-us-1-1.png 1536w\" sizes=\"(max-width: 1024px) 100vw, 1024px\" \/>\t\t\t\t\t\t\t\t\t\t\t\t\t\t\t<\/div>\n\t\t\t\t<\/div>\n\t\t\t\t<\/div>\n\t\t\t\t<\/div>\n\t\t\t\t<\/div>\n\t\t<div class=\"wd-negative-gap elementor-element elementor-element-216ddc0 e-flex e-con-boxed e-con e-parent\" data-id=\"216ddc0\" data-element_type=\"container\" data-e-type=\"container\">\n\t\t\t\t\t<div class=\"e-con-inner\">\n\t\t<div class=\"elementor-element elementor-element-680df1c e-con-full e-flex e-con e-child\" data-id=\"680df1c\" data-element_type=\"container\" data-e-type=\"container\">\n\t\t\t\t<\/div>\n\t\t<div class=\"elementor-element elementor-element-dfb18c2 e-con-full e-flex e-con e-child\" data-id=\"dfb18c2\" data-element_type=\"container\" data-e-type=\"container\">\n\t\t\t\t<div class=\"elementor-element elementor-element-051af0e elementor-widget elementor-widget-heading\" data-id=\"051af0e\" data-element_type=\"widget\" data-e-type=\"widget\" data-widget_type=\"heading.default\">\n\t\t\t\t\t<h2 class=\"elementor-heading-title elementor-size-default\">Our approach<\/h2>\t\t\t\t<\/div>\n\t\t\t\t<div class=\"elementor-element elementor-element-e621668 color-scheme-inherit text-left elementor-widget elementor-widget-text-editor\" data-id=\"e621668\" data-element_type=\"widget\" data-e-type=\"widget\" data-widget_type=\"text-editor.default\">\n\t\t\t\t\t\t\t\t\t<p class=\"translation-block\">Our activity is structured around <b>three essential pillars<\/b>:<\/p><p class=\"translation-block\">Technical precision<br>Rigorous selection<br>Consistent quality<\/p><p class=\"translation-block\">Each reference is selected according to strict criteria and undergoes appropriate analytical testing to guarantee a level of purity suitable for laboratory use. Batch stability and consistent standards are central to our method.<\/p>\t\t\t\t\t\t\t\t<\/div>\n\t\t\t\t<div class=\"elementor-element elementor-element-8bdfd13 elementor-widget elementor-widget-heading\" data-id=\"8bdfd13\" data-element_type=\"widget\" data-e-type=\"widget\" data-widget_type=\"heading.default\">\n\t\t\t\t\t<h2 class=\"elementor-heading-title elementor-size-default\">Commitment<\/h2>\t\t\t\t<\/div>\n\t\t\t\t<div class=\"elementor-element elementor-element-c968ebc color-scheme-inherit text-left elementor-widget elementor-widget-text-editor\" data-id=\"c968ebc\" data-element_type=\"widget\" data-e-type=\"widget\" data-widget_type=\"text-editor.default\">\n\t\t\t\t\t\t\t\t\t<p>Chez Optima Labs, nous adoptons une d\u00e9marche responsable et structur\u00e9e.<br \/>Notre engagement repose sur une exigence constante en mati\u00e8re de puret\u00e9 et de qualit\u00e9, ainsi que sur la coh\u00e9rence de nos processus.<\/p><p>We strive to maintain a stable and controlled professional level, in a spirit of continuity and reliability.<\/p><p>\u00a0<\/p>\t\t\t\t\t\t\t\t<\/div>\n\t\t\t\t<div class=\"elementor-element elementor-element-cd9d312 elementor-widget elementor-widget-heading\" data-id=\"cd9d312\" data-element_type=\"widget\" data-e-type=\"widget\" data-widget_type=\"heading.default\">\n\t\t\t\t\t<h2 class=\"elementor-heading-title elementor-size-default\">Delivery and support<\/h2>\t\t\t\t<\/div>\n\t\t\t\t<div class=\"elementor-element elementor-element-b8d0b18 color-scheme-inherit text-left elementor-widget elementor-widget-text-editor\" data-id=\"b8d0b18\" data-element_type=\"widget\" data-e-type=\"widget\" data-widget_type=\"text-editor.default\">\n\t\t\t\t\t\t\t\t\t<p>Reliable logistics and operational responsiveness are integral to our commitment.<\/p><p>We ensure rigorous order processing and fast, secure shipping to guarantee consistent delivery times and controlled reference management.<\/p><p>Notre \u00e9quipe reste disponible pour toute demande technique ou administrative, avec un service structur\u00e9 et professionnel. Optima Labs ne fournit aucune instruction relative \u00e0 l\u2019administration, au dosage ou \u00e0 toute utilisation en dehors d\u2019un cadre exp\u00e9rimental contr\u00f4l\u00e9.<\/p>\t\t\t\t\t\t\t\t<\/div>\n\t\t\t\t<div class=\"elementor-element elementor-element-80d6b4c elementor-widget elementor-widget-heading\" data-id=\"80d6b4c\" data-element_type=\"widget\" data-e-type=\"widget\" data-widget_type=\"heading.default\">\n\t\t\t\t\t<h2 class=\"elementor-heading-title elementor-size-default\">Scope of use<\/h2>\t\t\t\t<\/div>\n\t\t\t\t<div class=\"elementor-element elementor-element-7196fa5 color-scheme-inherit text-left elementor-widget elementor-widget-text-editor\" data-id=\"7196fa5\" data-element_type=\"widget\" data-e-type=\"widget\" data-widget_type=\"text-editor.default\">\n\t\t\t\t\t\t\t\t\t<p>Les produits propos\u00e9s par Optima Labs sont strictement destin\u00e9s \u00e0 des fins de recherche en laboratoire.<\/p><p>They are not intended for human or veterinary consumption, nor to diagnose, treat, cure or prevent any disease.<\/p><p>The statements on this website have not been evaluated by the Food and Drug Administration (FDA).<\/p><p>The buyer is responsible for complying with all applicable laws and regulations in their jurisdiction.\u00a0<\/p><p>Optima Labs se r\u00e9serve le droit de refuser toute commande lorsque l\u2019usage pr\u00e9vu semble incompatible avec nos conditions d\u2019utilisation.<\/p>\t\t\t\t\t\t\t\t<\/div>\n\t\t\t\t<\/div>\n\t\t<div class=\"elementor-element elementor-element-a54b146 e-con-full e-flex e-con e-child\" data-id=\"a54b146\" data-element_type=\"container\" data-e-type=\"container\">\n\t\t\t\t<\/div>\n\t\t\t\t\t<\/div>\n\t\t\t\t<\/div>\n\t\t\t\t<\/div>","protected":false},"excerpt":{"rendered":"<p>A PROPOS DE NOUS Optima Labs Optima Labs est un fournisseur ind\u00e9pendant sp\u00e9cialis\u00e9 dans les peptides et compos\u00e9s destin\u00e9s exclusivement<\/p>","protected":false},"author":1,"featured_media":0,"parent":0,"menu_order":0,"comment_status":"closed","ping_status":"closed","template":"","meta":{"footnotes":""},"class_list":["post-467","page","type-page","status-publish","hentry"],"_hostinger_reach_plugin_has_subscription_block":false,"_hostinger_reach_plugin_is_elementor":false,"_links":{"self":[{"href":"https:\/\/optima-labs.net\/en\/wp-json\/wp\/v2\/pages\/467","targetHints":{"allow":["GET"]}}],"collection":[{"href":"https:\/\/optima-labs.net\/en\/wp-json\/wp\/v2\/pages"}],"about":[{"href":"https:\/\/optima-labs.net\/en\/wp-json\/wp\/v2\/types\/page"}],"author":[{"embeddable":true,"href":"https:\/\/optima-labs.net\/en\/wp-json\/wp\/v2\/users\/1"}],"replies":[{"embeddable":true,"href":"https:\/\/optima-labs.net\/en\/wp-json\/wp\/v2\/comments?post=467"}],"version-history":[{"count":11,"href":"https:\/\/optima-labs.net\/en\/wp-json\/wp\/v2\/pages\/467\/revisions"}],"predecessor-version":[{"id":1966,"href":"https:\/\/optima-labs.net\/en\/wp-json\/wp\/v2\/pages\/467\/revisions\/1966"}],"wp:attachment":[{"href":"https:\/\/optima-labs.net\/en\/wp-json\/wp\/v2\/media?parent=467"}],"curies":[{"name":"wp","href":"https:\/\/api.w.org\/{rel}","templated":true}]}}